{"id":1460,"date":"2021-06-05T18:23:45","date_gmt":"2021-06-05T21:23:45","guid":{"rendered":"https:\/\/www.centralab.com.ar\/?page_id=1460"},"modified":"2024-08-21T17:01:05","modified_gmt":"2024-08-21T20:01:05","slug":"contacto","status":"publish","type":"page","link":"https:\/\/www.centralab.com.ar\/eng\/contacto\/","title":{"rendered":"Contact Us"},"content":{"rendered":"<div data-elementor-type=\"wp-page\" data-elementor-id=\"1460\" class=\"elementor elementor-1460\" data-elementor-post-type=\"page\">\n\t\t\t\t\t\t<section class=\"elementor-section elementor-top-section elementor-element elementor-element-335a4c6c elementor-section-full_width elementor-section-stretched elementor-section-height-default elementor-section-height-default\" data-id=\"335a4c6c\" data-element_type=\"section\" data-settings=\"{&quot;stretch_section&quot;:&quot;section-stretched&quot;,&quot;background_background&quot;:&quot;classic&quot;}\">\n\t\t\t\t\t\t<div class=\"elementor-container elementor-column-gap-default\">\n\t\t\t\t\t<div class=\"elementor-column elementor-col-100 elementor-top-column elementor-element elementor-element-8ebfd75\" data-id=\"8ebfd75\" data-element_type=\"column\">\n\t\t\t<div class=\"elementor-widget-wrap elementor-element-populated\">\n\t\t\t\t\t\t<section class=\"elementor-section elementor-inner-section elementor-element elementor-element-3e890ad elementor-section-boxed elementor-section-height-default elementor-section-height-default\" data-id=\"3e890ad\" data-element_type=\"section\">\n\t\t\t\t\t\t<div class=\"elementor-container elementor-column-gap-default\">\n\t\t\t\t\t<div class=\"elementor-column elementor-col-100 elementor-inner-column elementor-element elementor-element-981aa3a\" data-id=\"981aa3a\" data-element_type=\"column\">\n\t\t\t<div class=\"elementor-widget-wrap elementor-element-populated\">\n\t\t\t\t\t\t<div class=\"elementor-element elementor-element-5f301656 elementor-widget elementor-widget-text-editor\" data-id=\"5f301656\" data-element_type=\"widget\" data-widget_type=\"text-editor.default\">\n\t\t\t\t<div class=\"elementor-widget-container\">\n\t\t\t\t\t\t\t\t\tContact Us\t\t\t\t\t\t\t\t<\/div>\n\t\t\t\t<\/div>\n\t\t\t\t<div class=\"elementor-element elementor-element-2ef97646 elementor-widget-divider--view-line elementor-widget elementor-widget-divider\" data-id=\"2ef97646\" data-element_type=\"widget\" data-widget_type=\"divider.default\">\n\t\t\t\t<div class=\"elementor-widget-container\">\n\t\t\t\t\t\t\t<div class=\"elementor-divider\">\n\t\t\t<span class=\"elementor-divider-separator\">\n\t\t\t\t\t\t<\/span>\n\t\t<\/div>\n\t\t\t\t\t\t<\/div>\n\t\t\t\t<\/div>\n\t\t\t\t<div class=\"elementor-element elementor-element-4f68c10 texti elementor-invisible elementor-widget elementor-widget-text-editor\" data-id=\"4f68c10\" data-element_type=\"widget\" data-settings=\"{&quot;_animation&quot;:&quot;fadeIn&quot;}\" data-widget_type=\"text-editor.default\">\n\t\t\t\t<div class=\"elementor-widget-container\">\n\t\t\t\t\t\t\t\t\t<p>Para <a href=\"https:\/\/www.centralab.com.ar\/eng\/indicaciones\/\">turnos para domicilios, indicaciones y resultados<\/a> comunicate<br \/>a trav\u00e9s de <a href=\"https:\/\/api.whatsapp.com\/send?phone=5491149166773\" target=\"_blank\" rel=\"noopener\">WhatsApp (11-49166773)<\/a> o por nuestro chat de la p\u00e1gina.<\/p>\t\t\t\t\t\t\t\t<\/div>\n\t\t\t\t<\/div>\n\t\t\t\t<div class=\"elementor-element elementor-element-3f8dcc9 texti elementor-invisible elementor-widget elementor-widget-text-editor\" data-id=\"3f8dcc9\" data-element_type=\"widget\" data-settings=\"{&quot;_animation&quot;:&quot;fadeIn&quot;}\" data-widget_type=\"text-editor.default\">\n\t\t\t\t<div class=\"elementor-widget-container\">\n\t\t\t\t\t\t\t\t\t<p class=\"translation-block\">Any further questions, please phone <a href=\"tel:+541132205000\" target=\"_blank\" rel=\"noopener\">3220-5000<\/a> or fill in the following form:<\/p>\t\t\t\t\t\t\t\t<\/div>\n\t\t\t\t<\/div>\n\t\t\t\t\t<\/div>\n\t\t<\/div>\n\t\t\t\t\t<\/div>\n\t\t<\/section>\n\t\t\t\t<section class=\"elementor-section elementor-inner-section elementor-element elementor-element-c712548 elementor-section-boxed elementor-section-height-default elementor-section-height-default elementor-invisible\" data-id=\"c712548\" data-element_type=\"section\" data-settings=\"{&quot;animation&quot;:&quot;fadeIn&quot;}\">\n\t\t\t\t\t\t<div class=\"elementor-container elementor-column-gap-default\">\n\t\t\t\t\t<div class=\"elementor-column elementor-col-100 elementor-inner-column elementor-element elementor-element-95bd6c9\" data-id=\"95bd6c9\" data-element_type=\"column\">\n\t\t\t<div class=\"elementor-widget-wrap elementor-element-populated\">\n\t\t\t\t\t\t<div class=\"elementor-element elementor-element-c92f410 elementor-button-align-center elementor-widget elementor-widget-form\" data-id=\"c92f410\" data-element_type=\"widget\" data-settings=\"{&quot;step_next_label&quot;:&quot;Next&quot;,&quot;step_previous_label&quot;:&quot;Previous&quot;,&quot;button_width&quot;:&quot;100&quot;,&quot;step_type&quot;:&quot;number_text&quot;,&quot;step_icon_shape&quot;:&quot;circle&quot;}\" data-widget_type=\"form.default\">\n\t\t\t\t<div class=\"elementor-widget-container\">\n\t\t\t\t\t\t\t<form class=\"elementor-form\" method=\"post\" name=\"contacto\" action=\"\">\n\t\t\t<input type=\"hidden\" name=\"post_id\" value=\"1460\"\/>\n\t\t\t<input type=\"hidden\" name=\"form_id\" value=\"c92f410\"\/>\n\t\t\t<input type=\"hidden\" name=\"referer_title\" value=\"CentraLab &#8211; Tu laboratorio siempre cerca\" \/>\n\n\t\t\t\n\t\t\t<div class=\"elementor-form-fields-wrapper elementor-labels-\">\n\t\t\t\t\t\t\t\t<div class=\"elementor-field-type-text elementor-field-group elementor-column elementor-field-group-name elementor-col-50 elementor-field-required\">\n\t\t\t\t\t\t\t\t\t\t\t\t<label for=\"form-field-name\" class=\"elementor-field-label elementor-screen-only\">\n\t\t\t\t\t\t\t\tName\t\t\t\t\t\t\t<\/label>\n\t\t\t\t\t\t\t\t\t\t\t\t\t\t<input size=\"1\" type=\"text\" name=\"form_fields[name]\" id=\"form-field-name\" class=\"elementor-field elementor-size-sm  elementor-field-textual\" placeholder=\"Name\" required=\"required\">\n\t\t\t\t\t\t\t\t\t\t\t<\/div>\n\t\t\t\t\t\t\t\t<div class=\"elementor-field-type-text elementor-field-group elementor-column elementor-field-group-field_710666b elementor-col-50 elementor-field-required\">\n\t\t\t\t\t\t\t\t\t\t\t\t<label for=\"form-field-field_710666b\" class=\"elementor-field-label elementor-screen-only\">\n\t\t\t\t\t\t\t\tLast Name\t\t\t\t\t\t\t<\/label>\n\t\t\t\t\t\t\t\t\t\t\t\t\t\t<input size=\"1\" type=\"text\" name=\"form_fields[field_710666b]\" id=\"form-field-field_710666b\" class=\"elementor-field elementor-size-sm  elementor-field-textual\" placeholder=\"Last Name\" required=\"required\">\n\t\t\t\t\t\t\t\t\t\t\t<\/div>\n\t\t\t\t\t\t\t\t<div class=\"elementor-field-type-email elementor-field-group elementor-column elementor-field-group-email elementor-col-50 elementor-field-required\">\n\t\t\t\t\t\t\t\t\t\t\t\t<label for=\"form-field-email\" class=\"elementor-field-label elementor-screen-only\">\n\t\t\t\t\t\t\t\tE-mail\t\t\t\t\t\t\t<\/label>\n\t\t\t\t\t\t\t\t\t\t\t\t\t\t<input size=\"1\" type=\"email\" name=\"form_fields[email]\" id=\"form-field-email\" class=\"elementor-field elementor-size-sm  elementor-field-textual\" placeholder=\"E-mail\" required=\"required\">\n\t\t\t\t\t\t\t\t\t\t\t<\/div>\n\t\t\t\t\t\t\t\t<div class=\"elementor-field-type-number elementor-field-group elementor-column elementor-field-group-field_b0d5f44 elementor-col-50 elementor-field-required\">\n\t\t\t\t\t\t\t\t\t\t\t\t<label for=\"form-field-field_b0d5f44\" class=\"elementor-field-label elementor-screen-only\">\n\t\t\t\t\t\t\t\tID\t\t\t\t\t\t\t<\/label>\n\t\t\t\t\t\t\t\t\t<input type=\"number\" name=\"form_fields[field_b0d5f44]\" id=\"form-field-field_b0d5f44\" class=\"elementor-field elementor-size-sm  elementor-field-textual\" placeholder=\"ID\" required=\"required\" min=\"1000000\" max=\"\" >\n\t\t\t\t\t\t<\/div>\n\t\t\t\t\t\t\t\t<div class=\"elementor-field-type-number elementor-field-group elementor-column elementor-field-group-field_a483992 elementor-col-50\">\n\t\t\t\t\t\t\t\t\t\t\t\t<label for=\"form-field-field_a483992\" class=\"elementor-field-label elementor-screen-only\">\n\t\t\t\t\t\t\t\tPhone\t\t\t\t\t\t\t<\/label>\n\t\t\t\t\t\t\t\t\t<input type=\"number\" name=\"form_fields[field_a483992]\" id=\"form-field-field_a483992\" class=\"elementor-field elementor-size-sm  elementor-field-textual\" placeholder=\"Phone\" min=\"\" max=\"\" >\n\t\t\t\t\t\t<\/div>\n\t\t\t\t\t\t\t\t<div class=\"elementor-field-type-select elementor-field-group elementor-column elementor-field-group-field_deea558 elementor-col-50 elementor-field-required\">\n\t\t\t\t\t\t\t\t\t\t\t\t<label for=\"form-field-field_deea558\" class=\"elementor-field-label elementor-screen-only\">\n\t\t\t\t\t\t\t\tLab facility\t\t\t\t\t\t\t<\/label>\n\t\t\t\t\t\t\t\t<div class=\"elementor-field elementor-select-wrapper remove-before\">\n\t\t\t<div class=\"select-caret-down-wrapper\">\n\t\t\t\t<i aria-hidden=\"true\" class=\"eicon-caret-down\"><\/i>\t\t\t<\/div>\n\t\t\t<select name=\"form_fields[field_deea558]\" id=\"form-field-field_deea558\" class=\"elementor-field-textual elementor-size-sm\" required=\"required\">\n\t\t\t\t\t\t\t\t\t<option value=\"\">Lab facility<\/option>\n\t\t\t\t\t\t\t\t\t<option value=\"Abasto\">Abasto<\/option>\n\t\t\t\t\t\t\t\t\t<option value=\"Barrio Norte\">Barrio Norte<\/option>\n\t\t\t\t\t\t\t\t\t<option value=\"Bajo Belgrano\">Bajo Belgrano<\/option>\n\t\t\t\t\t\t\t\t\t<option value=\"Belgrano I\">Belgrano I<\/option>\n\t\t\t\t\t\t\t\t\t<option value=\"Belgrano II\">Belgrano II<\/option>\n\t\t\t\t\t\t\t\t\t<option value=\"Belgrano III \/ Lab. Cabildo\">Belgrano III \/ Lab. Cabildo<\/option>\n\t\t\t\t\t\t\t\t\t<option value=\"Belgrano R\">Belgrano R<\/option>\n\t\t\t\t\t\t\t\t\t<option value=\"Bot\u00e1nico\">Bot\u00e1nico<\/option>\n\t\t\t\t\t\t\t\t\t<option value=\"Caballito\">Caballito<\/option>\n\t\t\t\t\t\t\t\t\t<option value=\"Colegiales\">Colegiales<\/option>\n\t\t\t\t\t\t\t\t\t<option value=\"Congreso I\">Congreso I<\/option>\n\t\t\t\t\t\t\t\t\t<option value=\"Devoto\">Devoto<\/option>\n\t\t\t\t\t\t\t\t\t<option value=\"Flores\">Flores<\/option>\n\t\t\t\t\t\t\t\t\t<option value=\"Flores II\">Flores II<\/option>\n\t\t\t\t\t\t\t\t\t<option value=\"La Imprenta\">La Imprenta<\/option>\n\t\t\t\t\t\t\t\t\t<option value=\"Liniers\">Liniers<\/option>\n\t\t\t\t\t\t\t\t\t<option value=\"N\u00fa\u00f1ez\">N\u00fa\u00f1ez<\/option>\n\t\t\t\t\t\t\t\t\t<option value=\"Once\">Once<\/option>\n\t\t\t\t\t\t\t\t\t<option value=\"Palermo Hollywood I\">Palermo Hollywood I<\/option>\n\t\t\t\t\t\t\t\t\t<option value=\"Palermo Hollywood II\">Palermo Hollywood II<\/option>\n\t\t\t\t\t\t\t\t\t<option value=\"Plaza Italia\">Plaza Italia<\/option>\n\t\t\t\t\t\t\t\t\t<option value=\"Recoleta\">Recoleta<\/option>\n\t\t\t\t\t\t\t\t\t<option value=\"Retiro\">Retiro<\/option>\n\t\t\t\t\t\t\t\t\t<option value=\"Villa Crespo\">Villa Crespo<\/option>\n\t\t\t\t\t\t\t<\/select>\n\t\t<\/div>\n\t\t\t\t\t\t<\/div>\n\t\t\t\t\t\t\t\t<div class=\"elementor-field-type-textarea elementor-field-group elementor-column elementor-field-group-message elementor-col-100\">\n\t\t\t\t\t\t\t\t\t\t\t\t<label for=\"form-field-message\" class=\"elementor-field-label elementor-screen-only\">\n\t\t\t\t\t\t\t\tComments\t\t\t\t\t\t\t<\/label>\n\t\t\t\t\t\t<textarea class=\"elementor-field-textual elementor-field  elementor-size-sm\" name=\"form_fields[message]\" id=\"form-field-message\" rows=\"4\" placeholder=\"Comments\"><\/textarea>\t\t\t\t<\/div>\n\t\t\t\t\t\t\t\t<div class=\"elementor-field-type-recaptcha_v3 elementor-field-group elementor-column elementor-field-group-field_7d9f692 elementor-col-100 recaptcha_v3-bottomright\">\n\t\t\t\t\t<div class=\"elementor-field\" id=\"form-field-field_7d9f692\"><div class=\"elementor-g-recaptcha\" data-sitekey=\"6LcCOzwbAAAAAPuE648My3piLU8tYVqIPrIR7inO\" data-type=\"v3\" data-action=\"Form\" data-badge=\"bottomright\" data-size=\"invisible\"><\/div><\/div>\t\t\t\t<\/div>\n\t\t\t\t\t\t\t\t<div class=\"elementor-field-group elementor-column elementor-field-type-submit elementor-col-100 e-form__buttons\">\n\t\t\t\t\t<button class=\"elementor-button elementor-size-md\" type=\"submit\">\n\t\t\t\t\t\t<span class=\"elementor-button-content-wrapper\">\n\t\t\t\t\t\t\t\t\t\t\t\t\t\t\t\t\t\t\t\t\t\t<span class=\"elementor-button-text\">Send<\/span>\n\t\t\t\t\t\t\t\t\t\t\t\t\t<\/span>\n\t\t\t\t\t<\/button>\n\t\t\t\t<\/div>\n\t\t\t<\/div>\n\t\t<input type=\"hidden\" name=\"trp-form-language\" value=\"eng\"\/><\/form>\n\t\t\t\t\t\t<\/div>\n\t\t\t\t<\/div>\n\t\t\t\t\t<\/div>\n\t\t<\/div>\n\t\t\t\t\t<\/div>\n\t\t<\/section>\n\t\t\t\t\t<\/div>\n\t\t<\/div>\n\t\t\t\t\t<\/div>\n\t\t<\/section>\n\t\t\t\t<\/div>","protected":false},"excerpt":{"rendered":"<p>Contactanos Para turnos para domicilios, indicaciones y resultados comunicatea trav\u00e9s de WhatsApp (11-49166773) o por nuestro chat de la p\u00e1gina. Para otras consultas, comunicate al 3220-5000 o complet\u00e1 el formulario a continuaci\u00f3n:<\/p>","protected":false},"author":1,"featured_media":0,"parent":0,"menu_order":0,"comment_status":"closed","ping_status":"closed","template":"","meta":{"footnotes":""},"class_list":["post-1460","page","type-page","status-publish","hentry"],"yoast_head":"<!-- This site is optimized with the Yoast SEO plugin v25.1 - https:\/\/yoast.com\/wordpress\/plugins\/seo\/ -->\n<title>Contactanos - CentraLab - Tu laboratorio siempre cerca<\/title>\n<meta name=\"description\" content=\"\u00bfTen\u00e9s dudas o consultas? Comunicate con nosotros de forma r\u00e1pida y f\u00e1cil.\" \/>\n<meta name=\"robots\" content=\"index, follow, max-snippet:-1, max-image-preview:large, max-video-preview:-1\" \/>\n<link rel=\"canonical\" href=\"https:\/\/www.centralab.com.ar\/eng\/contacto\/\" \/>\n<meta property=\"og:locale\" content=\"en_GB\" \/>\n<meta property=\"og:type\" content=\"article\" \/>\n<meta property=\"og:title\" content=\"Contactanos - CentraLab - Tu laboratorio siempre cerca\" \/>\n<meta property=\"og:description\" content=\"\u00bfTen\u00e9s dudas o consultas? Comunicate con nosotros de forma r\u00e1pida y f\u00e1cil.\" \/>\n<meta property=\"og:url\" content=\"https:\/\/www.centralab.com.ar\/eng\/contacto\/\" \/>\n<meta property=\"og:site_name\" content=\"CentraLab - Tu laboratorio siempre cerca\" \/>\n<meta property=\"article:publisher\" content=\"https:\/\/www.facebook.com\/CentraLabAnalisisClinicos\/\" \/>\n<meta property=\"article:modified_time\" content=\"2024-08-21T20:01:05+00:00\" \/>\n<meta name=\"twitter:card\" content=\"summary_large_image\" \/>\n<meta name=\"twitter:label1\" content=\"Estimated reading time\" \/>\n\t<meta name=\"twitter:data1\" content=\"1 minute\" \/>\n<script type=\"application\/ld+json\" class=\"yoast-schema-graph\">{\"@context\":\"https:\/\/schema.org\",\"@graph\":[{\"@type\":\"WebPage\",\"@id\":\"https:\/\/www.centralab.com.ar\/contacto\/\",\"url\":\"https:\/\/www.centralab.com.ar\/contacto\/\",\"name\":\"Contactanos - CentraLab - Tu laboratorio siempre cerca\",\"isPartOf\":{\"@id\":\"https:\/\/www.centralab.com.ar\/#website\"},\"datePublished\":\"2021-06-05T21:23:45+00:00\",\"dateModified\":\"2024-08-21T20:01:05+00:00\",\"description\":\"\u00bfTen\u00e9s dudas o consultas? Comunicate con nosotros de forma r\u00e1pida y f\u00e1cil.\",\"breadcrumb\":{\"@id\":\"https:\/\/www.centralab.com.ar\/contacto\/#breadcrumb\"},\"inLanguage\":\"en-GB\",\"potentialAction\":[{\"@type\":\"ReadAction\",\"target\":[\"https:\/\/www.centralab.com.ar\/contacto\/\"]}]},{\"@type\":\"BreadcrumbList\",\"@id\":\"https:\/\/www.centralab.com.ar\/contacto\/#breadcrumb\",\"itemListElement\":[{\"@type\":\"ListItem\",\"position\":1,\"name\":\"Inicio\",\"item\":\"https:\/\/www.centralab.com.ar\/\"},{\"@type\":\"ListItem\",\"position\":2,\"name\":\"Contactanos\"}]},{\"@type\":\"WebSite\",\"@id\":\"https:\/\/www.centralab.com.ar\/#website\",\"url\":\"https:\/\/www.centralab.com.ar\/\",\"name\":\"CentraLab | Laboratorio de an\u00e1lisis cl\u00ednicos\",\"description\":\"Tu laboratorio siempre cerca\",\"publisher\":{\"@id\":\"https:\/\/www.centralab.com.ar\/#organization\"},\"potentialAction\":[{\"@type\":\"SearchAction\",\"target\":{\"@type\":\"EntryPoint\",\"urlTemplate\":\"https:\/\/www.centralab.com.ar\/?s={search_term_string}\"},\"query-input\":{\"@type\":\"PropertyValueSpecification\",\"valueRequired\":true,\"valueName\":\"search_term_string\"}}],\"inLanguage\":\"en-GB\"},{\"@type\":\"Organization\",\"@id\":\"https:\/\/www.centralab.com.ar\/#organization\",\"name\":\"CentraLab - An\u00e1lisis cl\u00ednicos\",\"url\":\"https:\/\/www.centralab.com.ar\/\",\"logo\":{\"@type\":\"ImageObject\",\"inLanguage\":\"en-GB\",\"@id\":\"https:\/\/www.centralab.com.ar\/#\/schema\/logo\/image\/\",\"url\":\"https:\/\/www.centralab.com.ar\/wp-content\/uploads\/2021\/05\/LogoCentralab-1.svg\",\"contentUrl\":\"https:\/\/www.centralab.com.ar\/wp-content\/uploads\/2021\/05\/LogoCentralab-1.svg\",\"width\":1,\"height\":1,\"caption\":\"CentraLab - An\u00e1lisis cl\u00ednicos\"},\"image\":{\"@id\":\"https:\/\/www.centralab.com.ar\/#\/schema\/logo\/image\/\"},\"sameAs\":[\"https:\/\/www.facebook.com\/CentraLabAnalisisClinicos\/\",\"https:\/\/www.instagram.com\/centralab_\/\",\"https:\/\/www.youtube.com\/channel\/UCasI9bGmQCSQoSeKGFsceKQ\"]}]}<\/script>\n<!-- \/ Yoast SEO plugin. -->","yoast_head_json":{"title":"Contactanos - CentraLab - Tu laboratorio siempre cerca","description":"\u00bfTen\u00e9s dudas o consultas? Comunicate con nosotros de forma r\u00e1pida y f\u00e1cil.","robots":{"index":"index","follow":"follow","max-snippet":"max-snippet:-1","max-image-preview":"max-image-preview:large","max-video-preview":"max-video-preview:-1"},"canonical":"https:\/\/www.centralab.com.ar\/eng\/contacto\/","og_locale":"en_GB","og_type":"article","og_title":"Contactanos - CentraLab - Tu laboratorio siempre cerca","og_description":"\u00bfTen\u00e9s dudas o consultas? Comunicate con nosotros de forma r\u00e1pida y f\u00e1cil.","og_url":"https:\/\/www.centralab.com.ar\/eng\/contacto\/","og_site_name":"CentraLab - Tu laboratorio siempre cerca","article_publisher":"https:\/\/www.facebook.com\/CentraLabAnalisisClinicos\/","article_modified_time":"2024-08-21T20:01:05+00:00","twitter_card":"summary_large_image","twitter_misc":{"Estimated reading time":"1 minute"},"schema":{"@context":"https:\/\/schema.org","@graph":[{"@type":"WebPage","@id":"https:\/\/www.centralab.com.ar\/contacto\/","url":"https:\/\/www.centralab.com.ar\/contacto\/","name":"Contactanos - CentraLab - Tu laboratorio siempre cerca","isPartOf":{"@id":"https:\/\/www.centralab.com.ar\/#website"},"datePublished":"2021-06-05T21:23:45+00:00","dateModified":"2024-08-21T20:01:05+00:00","description":"\u00bfTen\u00e9s dudas o consultas? Comunicate con nosotros de forma r\u00e1pida y f\u00e1cil.","breadcrumb":{"@id":"https:\/\/www.centralab.com.ar\/contacto\/#breadcrumb"},"inLanguage":"en-GB","potentialAction":[{"@type":"ReadAction","target":["https:\/\/www.centralab.com.ar\/contacto\/"]}]},{"@type":"BreadcrumbList","@id":"https:\/\/www.centralab.com.ar\/contacto\/#breadcrumb","itemListElement":[{"@type":"ListItem","position":1,"name":"Inicio","item":"https:\/\/www.centralab.com.ar\/"},{"@type":"ListItem","position":2,"name":"Contactanos"}]},{"@type":"WebSite","@id":"https:\/\/www.centralab.com.ar\/#website","url":"https:\/\/www.centralab.com.ar\/","name":"CentraLab | Laboratorio de an\u00e1lisis cl\u00ednicos","description":"Tu laboratorio siempre cerca","publisher":{"@id":"https:\/\/www.centralab.com.ar\/#organization"},"potentialAction":[{"@type":"SearchAction","target":{"@type":"EntryPoint","urlTemplate":"https:\/\/www.centralab.com.ar\/?s={search_term_string}"},"query-input":{"@type":"PropertyValueSpecification","valueRequired":true,"valueName":"search_term_string"}}],"inLanguage":"en-GB"},{"@type":"Organization","@id":"https:\/\/www.centralab.com.ar\/#organization","name":"CentraLab - An\u00e1lisis cl\u00ednicos","url":"https:\/\/www.centralab.com.ar\/","logo":{"@type":"ImageObject","inLanguage":"en-GB","@id":"https:\/\/www.centralab.com.ar\/#\/schema\/logo\/image\/","url":"https:\/\/www.centralab.com.ar\/wp-content\/uploads\/2021\/05\/LogoCentralab-1.svg","contentUrl":"https:\/\/www.centralab.com.ar\/wp-content\/uploads\/2021\/05\/LogoCentralab-1.svg","width":1,"height":1,"caption":"CentraLab - An\u00e1lisis cl\u00ednicos"},"image":{"@id":"https:\/\/www.centralab.com.ar\/#\/schema\/logo\/image\/"},"sameAs":["https:\/\/www.facebook.com\/CentraLabAnalisisClinicos\/","https:\/\/www.instagram.com\/centralab_\/","https:\/\/www.youtube.com\/channel\/UCasI9bGmQCSQoSeKGFsceKQ"]}]}},"_links":{"self":[{"href":"https:\/\/www.centralab.com.ar\/eng\/wp-json\/wp\/v2\/pages\/1460","targetHints":{"allow":["GET"]}}],"collection":[{"href":"https:\/\/www.centralab.com.ar\/eng\/wp-json\/wp\/v2\/pages"}],"about":[{"href":"https:\/\/www.centralab.com.ar\/eng\/wp-json\/wp\/v2\/types\/page"}],"author":[{"embeddable":true,"href":"https:\/\/www.centralab.com.ar\/eng\/wp-json\/wp\/v2\/users\/1"}],"replies":[{"embeddable":true,"href":"https:\/\/www.centralab.com.ar\/eng\/wp-json\/wp\/v2\/comments?post=1460"}],"version-history":[{"count":222,"href":"https:\/\/www.centralab.com.ar\/eng\/wp-json\/wp\/v2\/pages\/1460\/revisions"}],"predecessor-version":[{"id":6476,"href":"https:\/\/www.centralab.com.ar\/eng\/wp-json\/wp\/v2\/pages\/1460\/revisions\/6476"}],"wp:attachment":[{"href":"https:\/\/www.centralab.com.ar\/eng\/wp-json\/wp\/v2\/media?parent=1460"}],"curies":[{"name":"wp","href":"https:\/\/api.w.org\/{rel}","templated":true}]}}