{"id":2234,"date":"2021-06-08T11:09:22","date_gmt":"2021-06-08T14:09:22","guid":{"rendered":"https:\/\/www.centralab.com.ar\/?page_id=2234"},"modified":"2021-12-01T16:01:03","modified_gmt":"2021-12-01T19:01:03","slug":"trabaja-con-nosotros","status":"publish","type":"page","link":"https:\/\/www.centralab.com.ar\/eng\/trabaja-con-nosotros\/","title":{"rendered":"Be part of our team"},"content":{"rendered":"<div data-elementor-type=\"wp-page\" data-elementor-id=\"2234\" class=\"elementor elementor-2234\" data-elementor-post-type=\"page\">\n\t\t\t\t\t\t<section class=\"elementor-section elementor-top-section elementor-element elementor-element-56938a89 elementor-section-full_width elementor-section-stretched elementor-section-height-default elementor-section-height-default\" data-id=\"56938a89\" data-element_type=\"section\" data-settings=\"{&quot;stretch_section&quot;:&quot;section-stretched&quot;,&quot;background_background&quot;:&quot;classic&quot;}\">\n\t\t\t\t\t\t<div class=\"elementor-container elementor-column-gap-default\">\n\t\t\t\t\t<div class=\"elementor-column elementor-col-100 elementor-top-column elementor-element elementor-element-456d62ef\" data-id=\"456d62ef\" data-element_type=\"column\">\n\t\t\t<div class=\"elementor-widget-wrap elementor-element-populated\">\n\t\t\t\t\t\t<section class=\"elementor-section elementor-inner-section elementor-element elementor-element-22c74ad elementor-section-boxed elementor-section-height-default elementor-section-height-default\" data-id=\"22c74ad\" data-element_type=\"section\">\n\t\t\t\t\t\t<div class=\"elementor-container elementor-column-gap-default\">\n\t\t\t\t\t<div class=\"elementor-column elementor-col-100 elementor-inner-column elementor-element elementor-element-27b2dcd7\" data-id=\"27b2dcd7\" data-element_type=\"column\">\n\t\t\t<div class=\"elementor-widget-wrap elementor-element-populated\">\n\t\t\t\t\t\t<div class=\"elementor-element elementor-element-345a7c3f elementor-widget elementor-widget-text-editor\" data-id=\"345a7c3f\" data-element_type=\"widget\" data-widget_type=\"text-editor.default\">\n\t\t\t\t<div class=\"elementor-widget-container\">\n\t\t\t\t\t\t\t\t\tBe part of our team\t\t\t\t\t\t\t\t<\/div>\n\t\t\t\t<\/div>\n\t\t\t\t<div class=\"elementor-element elementor-element-2d6fbfcc elementor-widget-divider--view-line elementor-widget elementor-widget-divider\" data-id=\"2d6fbfcc\" data-element_type=\"widget\" data-widget_type=\"divider.default\">\n\t\t\t\t<div class=\"elementor-widget-container\">\n\t\t\t\t\t\t\t<div class=\"elementor-divider\">\n\t\t\t<span class=\"elementor-divider-separator\">\n\t\t\t\t\t\t<\/span>\n\t\t<\/div>\n\t\t\t\t\t\t<\/div>\n\t\t\t\t<\/div>\n\t\t\t\t\t<\/div>\n\t\t<\/div>\n\t\t\t\t\t<\/div>\n\t\t<\/section>\n\t\t\t\t<section class=\"elementor-section elementor-inner-section elementor-element elementor-element-3783cb9 elementor-section-boxed elementor-section-height-default elementor-section-height-default elementor-invisible\" data-id=\"3783cb9\" data-element_type=\"section\" data-settings=\"{&quot;animation&quot;:&quot;fadeIn&quot;}\">\n\t\t\t\t\t\t<div class=\"elementor-container elementor-column-gap-default\">\n\t\t\t\t\t<div class=\"elementor-column elementor-col-100 elementor-inner-column elementor-element elementor-element-73d6845\" data-id=\"73d6845\" data-element_type=\"column\" data-settings=\"{&quot;background_background&quot;:&quot;classic&quot;}\">\n\t\t\t<div class=\"elementor-widget-wrap elementor-element-populated\">\n\t\t\t\t\t\t<div class=\"elementor-element elementor-element-69817949 texti elementor-widget elementor-widget-text-editor\" data-id=\"69817949\" data-element_type=\"widget\" data-widget_type=\"text-editor.default\">\n\t\t\t\t<div class=\"elementor-widget-container\">\n\t\t\t\t\t\t\t\t\t<p>If you want to work with us, please email your CV at <a href=\"mailto:rrhh@centralab.com.ar\" target=\"_blank\" rel=\"noopener\">rrhh@centralab.com.ar<\/a><\/p>\t\t\t\t\t\t\t\t<\/div>\n\t\t\t\t<\/div>\n\t\t\t\t\t<\/div>\n\t\t<\/div>\n\t\t\t\t\t<\/div>\n\t\t<\/section>\n\t\t\t\t\t<\/div>\n\t\t<\/div>\n\t\t\t\t\t<\/div>\n\t\t<\/section>\n\t\t\t\t<\/div>","protected":false},"excerpt":{"rendered":"<p>Trabaj\u00e1 con nosotros Si quer\u00e9s trabajar con nosotros pod\u00e9s enviarnos tu CV a rrhh@centralab.com.ar<\/p>","protected":false},"author":1,"featured_media":0,"parent":0,"menu_order":0,"comment_status":"closed","ping_status":"closed","template":"","meta":{"footnotes":""},"class_list":["post-2234","page","type-page","status-publish","hentry"],"yoast_head":"<!-- This site is optimized with the Yoast SEO plugin v25.1 - https:\/\/yoast.com\/wordpress\/plugins\/seo\/ -->\n<title>Trabaj\u00e1 con nosotros - CentraLab - Tu laboratorio siempre cerca<\/title>\n<meta name=\"description\" content=\"\u00bfTe gustar\u00eda trabajar con nosotros? Vos tambi\u00e9n pod\u00e9s ser parte de nuestro equipo. Envianos tu CV.\" \/>\n<meta name=\"robots\" content=\"index, follow, max-snippet:-1, max-image-preview:large, max-video-preview:-1\" \/>\n<link rel=\"canonical\" href=\"https:\/\/www.centralab.com.ar\/eng\/trabaja-con-nosotros\/\" \/>\n<meta property=\"og:locale\" content=\"en_GB\" \/>\n<meta property=\"og:type\" content=\"article\" \/>\n<meta property=\"og:title\" content=\"Trabaj\u00e1 con nosotros - CentraLab - Tu laboratorio siempre cerca\" \/>\n<meta property=\"og:description\" content=\"\u00bfTe gustar\u00eda trabajar con nosotros? Vos tambi\u00e9n pod\u00e9s ser parte de nuestro equipo. Envianos tu CV.\" \/>\n<meta property=\"og:url\" content=\"https:\/\/www.centralab.com.ar\/eng\/trabaja-con-nosotros\/\" \/>\n<meta property=\"og:site_name\" content=\"CentraLab - Tu laboratorio siempre cerca\" \/>\n<meta property=\"article:publisher\" content=\"https:\/\/www.facebook.com\/CentraLabAnalisisClinicos\/\" \/>\n<meta property=\"article:modified_time\" content=\"2021-12-01T19:01:03+00:00\" \/>\n<meta name=\"twitter:card\" content=\"summary_large_image\" \/>\n<meta name=\"twitter:label1\" content=\"Estimated reading time\" \/>\n\t<meta name=\"twitter:data1\" content=\"1 minute\" \/>\n<script type=\"application\/ld+json\" class=\"yoast-schema-graph\">{\"@context\":\"https:\/\/schema.org\",\"@graph\":[{\"@type\":\"WebPage\",\"@id\":\"https:\/\/www.centralab.com.ar\/trabaja-con-nosotros\/\",\"url\":\"https:\/\/www.centralab.com.ar\/trabaja-con-nosotros\/\",\"name\":\"Trabaj\u00e1 con nosotros - CentraLab - Tu laboratorio siempre cerca\",\"isPartOf\":{\"@id\":\"https:\/\/www.centralab.com.ar\/#website\"},\"datePublished\":\"2021-06-08T14:09:22+00:00\",\"dateModified\":\"2021-12-01T19:01:03+00:00\",\"description\":\"\u00bfTe gustar\u00eda trabajar con nosotros? Vos tambi\u00e9n pod\u00e9s ser parte de nuestro equipo. Envianos tu CV.\",\"breadcrumb\":{\"@id\":\"https:\/\/www.centralab.com.ar\/trabaja-con-nosotros\/#breadcrumb\"},\"inLanguage\":\"en-GB\",\"potentialAction\":[{\"@type\":\"ReadAction\",\"target\":[\"https:\/\/www.centralab.com.ar\/trabaja-con-nosotros\/\"]}]},{\"@type\":\"BreadcrumbList\",\"@id\":\"https:\/\/www.centralab.com.ar\/trabaja-con-nosotros\/#breadcrumb\",\"itemListElement\":[{\"@type\":\"ListItem\",\"position\":1,\"name\":\"Inicio\",\"item\":\"https:\/\/www.centralab.com.ar\/\"},{\"@type\":\"ListItem\",\"position\":2,\"name\":\"Trabaj\u00e1 con nosotros\"}]},{\"@type\":\"WebSite\",\"@id\":\"https:\/\/www.centralab.com.ar\/#website\",\"url\":\"https:\/\/www.centralab.com.ar\/\",\"name\":\"CentraLab | Laboratorio de an\u00e1lisis cl\u00ednicos\",\"description\":\"Tu laboratorio siempre cerca\",\"publisher\":{\"@id\":\"https:\/\/www.centralab.com.ar\/#organization\"},\"potentialAction\":[{\"@type\":\"SearchAction\",\"target\":{\"@type\":\"EntryPoint\",\"urlTemplate\":\"https:\/\/www.centralab.com.ar\/?s={search_term_string}\"},\"query-input\":{\"@type\":\"PropertyValueSpecification\",\"valueRequired\":true,\"valueName\":\"search_term_string\"}}],\"inLanguage\":\"en-GB\"},{\"@type\":\"Organization\",\"@id\":\"https:\/\/www.centralab.com.ar\/#organization\",\"name\":\"CentraLab - An\u00e1lisis cl\u00ednicos\",\"url\":\"https:\/\/www.centralab.com.ar\/\",\"logo\":{\"@type\":\"ImageObject\",\"inLanguage\":\"en-GB\",\"@id\":\"https:\/\/www.centralab.com.ar\/#\/schema\/logo\/image\/\",\"url\":\"https:\/\/www.centralab.com.ar\/wp-content\/uploads\/2021\/05\/LogoCentralab-1.svg\",\"contentUrl\":\"https:\/\/www.centralab.com.ar\/wp-content\/uploads\/2021\/05\/LogoCentralab-1.svg\",\"width\":1,\"height\":1,\"caption\":\"CentraLab - An\u00e1lisis cl\u00ednicos\"},\"image\":{\"@id\":\"https:\/\/www.centralab.com.ar\/#\/schema\/logo\/image\/\"},\"sameAs\":[\"https:\/\/www.facebook.com\/CentraLabAnalisisClinicos\/\",\"https:\/\/www.instagram.com\/centralab_\/\",\"https:\/\/www.youtube.com\/channel\/UCasI9bGmQCSQoSeKGFsceKQ\"]}]}<\/script>\n<!-- \/ Yoast SEO plugin. -->","yoast_head_json":{"title":"Trabaj\u00e1 con nosotros - CentraLab - Tu laboratorio siempre cerca","description":"\u00bfTe gustar\u00eda trabajar con nosotros? Vos tambi\u00e9n pod\u00e9s ser parte de nuestro equipo. Envianos tu CV.","robots":{"index":"index","follow":"follow","max-snippet":"max-snippet:-1","max-image-preview":"max-image-preview:large","max-video-preview":"max-video-preview:-1"},"canonical":"https:\/\/www.centralab.com.ar\/eng\/trabaja-con-nosotros\/","og_locale":"en_GB","og_type":"article","og_title":"Trabaj\u00e1 con nosotros - CentraLab - Tu laboratorio siempre cerca","og_description":"\u00bfTe gustar\u00eda trabajar con nosotros? Vos tambi\u00e9n pod\u00e9s ser parte de nuestro equipo. Envianos tu CV.","og_url":"https:\/\/www.centralab.com.ar\/eng\/trabaja-con-nosotros\/","og_site_name":"CentraLab - Tu laboratorio siempre cerca","article_publisher":"https:\/\/www.facebook.com\/CentraLabAnalisisClinicos\/","article_modified_time":"2021-12-01T19:01:03+00:00","twitter_card":"summary_large_image","twitter_misc":{"Estimated reading time":"1 minute"},"schema":{"@context":"https:\/\/schema.org","@graph":[{"@type":"WebPage","@id":"https:\/\/www.centralab.com.ar\/trabaja-con-nosotros\/","url":"https:\/\/www.centralab.com.ar\/trabaja-con-nosotros\/","name":"Trabaj\u00e1 con nosotros - CentraLab - Tu laboratorio siempre cerca","isPartOf":{"@id":"https:\/\/www.centralab.com.ar\/#website"},"datePublished":"2021-06-08T14:09:22+00:00","dateModified":"2021-12-01T19:01:03+00:00","description":"\u00bfTe gustar\u00eda trabajar con nosotros? Vos tambi\u00e9n pod\u00e9s ser parte de nuestro equipo. Envianos tu CV.","breadcrumb":{"@id":"https:\/\/www.centralab.com.ar\/trabaja-con-nosotros\/#breadcrumb"},"inLanguage":"en-GB","potentialAction":[{"@type":"ReadAction","target":["https:\/\/www.centralab.com.ar\/trabaja-con-nosotros\/"]}]},{"@type":"BreadcrumbList","@id":"https:\/\/www.centralab.com.ar\/trabaja-con-nosotros\/#breadcrumb","itemListElement":[{"@type":"ListItem","position":1,"name":"Inicio","item":"https:\/\/www.centralab.com.ar\/"},{"@type":"ListItem","position":2,"name":"Trabaj\u00e1 con nosotros"}]},{"@type":"WebSite","@id":"https:\/\/www.centralab.com.ar\/#website","url":"https:\/\/www.centralab.com.ar\/","name":"CentraLab | Laboratorio de an\u00e1lisis cl\u00ednicos","description":"Tu laboratorio siempre cerca","publisher":{"@id":"https:\/\/www.centralab.com.ar\/#organization"},"potentialAction":[{"@type":"SearchAction","target":{"@type":"EntryPoint","urlTemplate":"https:\/\/www.centralab.com.ar\/?s={search_term_string}"},"query-input":{"@type":"PropertyValueSpecification","valueRequired":true,"valueName":"search_term_string"}}],"inLanguage":"en-GB"},{"@type":"Organization","@id":"https:\/\/www.centralab.com.ar\/#organization","name":"CentraLab - An\u00e1lisis cl\u00ednicos","url":"https:\/\/www.centralab.com.ar\/","logo":{"@type":"ImageObject","inLanguage":"en-GB","@id":"https:\/\/www.centralab.com.ar\/#\/schema\/logo\/image\/","url":"https:\/\/www.centralab.com.ar\/wp-content\/uploads\/2021\/05\/LogoCentralab-1.svg","contentUrl":"https:\/\/www.centralab.com.ar\/wp-content\/uploads\/2021\/05\/LogoCentralab-1.svg","width":1,"height":1,"caption":"CentraLab - An\u00e1lisis cl\u00ednicos"},"image":{"@id":"https:\/\/www.centralab.com.ar\/#\/schema\/logo\/image\/"},"sameAs":["https:\/\/www.facebook.com\/CentraLabAnalisisClinicos\/","https:\/\/www.instagram.com\/centralab_\/","https:\/\/www.youtube.com\/channel\/UCasI9bGmQCSQoSeKGFsceKQ"]}]}},"_links":{"self":[{"href":"https:\/\/www.centralab.com.ar\/eng\/wp-json\/wp\/v2\/pages\/2234","targetHints":{"allow":["GET"]}}],"collection":[{"href":"https:\/\/www.centralab.com.ar\/eng\/wp-json\/wp\/v2\/pages"}],"about":[{"href":"https:\/\/www.centralab.com.ar\/eng\/wp-json\/wp\/v2\/types\/page"}],"author":[{"embeddable":true,"href":"https:\/\/www.centralab.com.ar\/eng\/wp-json\/wp\/v2\/users\/1"}],"replies":[{"embeddable":true,"href":"https:\/\/www.centralab.com.ar\/eng\/wp-json\/wp\/v2\/comments?post=2234"}],"version-history":[{"count":18,"href":"https:\/\/www.centralab.com.ar\/eng\/wp-json\/wp\/v2\/pages\/2234\/revisions"}],"predecessor-version":[{"id":4373,"href":"https:\/\/www.centralab.com.ar\/eng\/wp-json\/wp\/v2\/pages\/2234\/revisions\/4373"}],"wp:attachment":[{"href":"https:\/\/www.centralab.com.ar\/eng\/wp-json\/wp\/v2\/media?parent=2234"}],"curies":[{"name":"wp","href":"https:\/\/api.w.org\/{rel}","templated":true}]}}